{"id":253,"date":"2016-11-28T09:01:57","date_gmt":"2016-11-28T09:01:57","guid":{"rendered":"http:\/\/neurokultur.ch\/?page_id=253"},"modified":"2026-01-11T17:18:49","modified_gmt":"2026-01-11T17:18:49","slug":"startseite","status":"publish","type":"page","link":"https:\/\/neurokultur.ch\/","title":{"rendered":"Haus der Paradiesv\u00f6gel:"},"content":{"rendered":"<h4 style=\"text-align: center;\"><a href=\"https:\/\/neurokultur.ch\/?p=3208\">Foto-Rundgang durch die Gartenanlage, Ausblick zum S\u00e4ntis und Umgebung<\/a><\/h4>\n<h4>\u00a0<\/h4>\n<h4 style=\"text-align: center;\">NEURO:\u00a0 Neurofeedback und Therapiemethoden<\/h4>\n<h4 style=\"text-align: center;\">KULTUR: Durchgef\u00fchrte kulturelle Anl\u00e4sse und Beitr\u00e4ge<\/h4>\n<h4>\u00a0<\/h4>\n<h4 style=\"text-align: center;\">AKTUELLE KULTURELLE ANL\u00c4SSE:\u00a0 momentan keine<\/h4>\n<h4>\u00a0<\/h4>\n<h4 style=\"text-align: center;\">ARTIKEL im <a href=\"http:\/\/neurokultur.ch\/wp-content\/uploads\/2019\/11\/Toggenburger-Magazin.pdf\">Toggenburger Magazin<\/a><\/h4>\n<h4>\u00a0<\/h4>\n<h4 style=\"text-align: center;\"><strong>Unser Zuhause<\/strong><\/h4>\n<h4 style=\"text-align: center;\">Haldenstrasse 3<\/h4>\n<h4 style=\"text-align: center;\">9633 Hemberg<\/h4>\n<p style=\"text-align: center;\"><a href=\"http:\/\/neurokultur.ch\/wp-content\/uploads\/2025\/01\/Geschichte-vom-Haus-der-Paradiesvoegel.pdf\">Geschichte vom \u201eHaus der Paradiesv\u00f6gel\u201c<\/a><\/p>\n<p style=\"text-align: center;\">\u00a0 <a href=\"https:\/\/i0.wp.com\/neurokultur.ch\/wp-content\/uploads\/2018\/03\/para-bild01-e1520180970186.jpg\"><img data-recalc-dims=\"1\" loading=\"lazy\" decoding=\"async\" data-attachment-id=\"2545\" data-permalink=\"https:\/\/neurokultur.ch\/?attachment_id=2545\" data-orig-file=\"https:\/\/i0.wp.com\/neurokultur.ch\/wp-content\/uploads\/2018\/03\/para-bild01-e1520180970186.jpg?fit=330%2C440&amp;ssl=1\" data-orig-size=\"330,440\" data-comments-opened=\"0\" data-image-meta=\"{&quot;aperture&quot;:&quot;0&quot;,&quot;credit&quot;:&quot;&quot;,&quot;camera&quot;:&quot;&quot;,&quot;caption&quot;:&quot;&quot;,&quot;created_timestamp&quot;:&quot;0&quot;,&quot;copyright&quot;:&quot;&quot;,&quot;focal_length&quot;:&quot;0&quot;,&quot;iso&quot;:&quot;0&quot;,&quot;shutter_speed&quot;:&quot;0&quot;,&quot;title&quot;:&quot;&quot;,&quot;orientation&quot;:&quot;0&quot;}\" data-image-title=\"\" data-image-description=\"\" data-image-caption=\"\" data-medium-file=\"https:\/\/i0.wp.com\/neurokultur.ch\/wp-content\/uploads\/2018\/03\/para-bild01-e1520180970186.jpg?fit=225%2C300&amp;ssl=1\" data-large-file=\"https:\/\/i0.wp.com\/neurokultur.ch\/wp-content\/uploads\/2018\/03\/para-bild01-e1520180970186.jpg?fit=330%2C440&amp;ssl=1\" class=\"alignnone  wp-image-2545\" src=\"https:\/\/i0.wp.com\/neurokultur.ch\/wp-content\/uploads\/2018\/03\/para-bild01.jpg?resize=346%2C475\" alt=\"\" width=\"346\" height=\"475\" \/><\/a><\/p>\n<h4 style=\"text-align: center;\"><strong>Mietobjekt<\/strong><\/h4>\n<h4 style=\"text-align: center;\">Haldenstrasse 10<\/h4>\n<h4 style=\"text-align: center;\">9633 Hemberg<\/h4>\n<h4 style=\"text-align: center;\"><strong><a href=\"http:\/\/neurokultur.ch\/wp-content\/uploads\/2024\/12\/FOTOBROSCHUeRE02.pdf\">Fotorundgang<\/a><\/strong>\u00a0<\/h4>\n<p style=\"text-align: center;\">\u00a0 <a href=\"https:\/\/i0.wp.com\/neurokultur.ch\/wp-content\/uploads\/2020\/04\/DSCN7421-e1588096730877.jpg\"><img data-recalc-dims=\"1\" loading=\"lazy\" decoding=\"async\" data-attachment-id=\"2657\" data-permalink=\"https:\/\/neurokultur.ch\/?attachment_id=2657\" data-orig-file=\"https:\/\/i0.wp.com\/neurokultur.ch\/wp-content\/uploads\/2020\/04\/DSCN7421-e1588096730877.jpg?fit=3672%2C4896&amp;ssl=1\" data-orig-size=\"3672,4896\" data-comments-opened=\"0\" data-image-meta=\"{&quot;aperture&quot;:&quot;3&quot;,&quot;credit&quot;:&quot;&quot;,&quot;camera&quot;:&quot;COOLPIX P520&quot;,&quot;caption&quot;:&quot;&quot;,&quot;created_timestamp&quot;:&quot;1554234341&quot;,&quot;copyright&quot;:&quot;&quot;,&quot;focal_length&quot;:&quot;4.3&quot;,&quot;iso&quot;:&quot;400&quot;,&quot;shutter_speed&quot;:&quot;0.066666666666667&quot;,&quot;title&quot;:&quot;&quot;,&quot;orientation&quot;:&quot;8&quot;}\" data-image-title=\"DSCN7421\" data-image-description=\"\" data-image-caption=\"\" data-medium-file=\"https:\/\/i0.wp.com\/neurokultur.ch\/wp-content\/uploads\/2020\/04\/DSCN7421-e1588096730877.jpg?fit=225%2C300&amp;ssl=1\" data-large-file=\"https:\/\/i0.wp.com\/neurokultur.ch\/wp-content\/uploads\/2020\/04\/DSCN7421-e1588096730877.jpg?fit=584%2C779&amp;ssl=1\" class=\"alignnone  wp-image-2657\" src=\"https:\/\/i0.wp.com\/neurokultur.ch\/wp-content\/uploads\/2020\/04\/DSCN7421-e1588096730877-225x300.jpg?resize=359%2C475\" alt=\"\" width=\"359\" height=\"475\" \/><\/a><a href=\"http:\/\/neurokultur.ch\/wp-content\/uploads\/2020\/04\/DSCN7421-e1588096730877.jpg\">\u00a0 \u00a0 <\/a><\/p>\n<p style=\"text-align: center;\">\u00a0<\/p>\n\n\n<p><\/p>\n","protected":false},"excerpt":{"rendered":"<p>Foto-Rundgang durch die Gartenanlage, Ausblick zum S\u00e4ntis und Umgebung \u00a0 NEURO:\u00a0 Neurofeedback und Therapiemethoden KULTUR: Durchgef\u00fchrte kulturelle Anl\u00e4sse und Beitr\u00e4ge \u00a0 AKTUELLE KULTURELLE ANL\u00c4SSE:\u00a0 momentan keine \u00a0 ARTIKEL im Toggenburger Magazin \u00a0 Unser Zuhause Haldenstrasse 3 9633 Hemberg Geschichte vom &hellip; <a href=\"https:\/\/neurokultur.ch\/\">Weiterlesen <span class=\"meta-nav\">&rarr;<\/span><\/a><\/p>\n","protected":false},"author":3,"featured_media":0,"parent":0,"menu_order":1,"comment_status":"closed","ping_status":"closed","template":"","meta":{"jetpack_post_was_ever_published":false,"footnotes":""},"class_list":["post-253","page","type-page","status-publish","hentry"],"jetpack_sharing_enabled":true,"jetpack_shortlink":"https:\/\/wp.me\/P8sny6-45","jetpack-related-posts":[],"_links":{"self":[{"href":"https:\/\/neurokultur.ch\/index.php?rest_route=\/wp\/v2\/pages\/253","targetHints":{"allow":["GET"]}}],"collection":[{"href":"https:\/\/neurokultur.ch\/index.php?rest_route=\/wp\/v2\/pages"}],"about":[{"href":"https:\/\/neurokultur.ch\/index.php?rest_route=\/wp\/v2\/types\/page"}],"author":[{"embeddable":true,"href":"https:\/\/neurokultur.ch\/index.php?rest_route=\/wp\/v2\/users\/3"}],"replies":[{"embeddable":true,"href":"https:\/\/neurokultur.ch\/index.php?rest_route=%2Fwp%2Fv2%2Fcomments&post=253"}],"version-history":[{"count":73,"href":"https:\/\/neurokultur.ch\/index.php?rest_route=\/wp\/v2\/pages\/253\/revisions"}],"predecessor-version":[{"id":3346,"href":"https:\/\/neurokultur.ch\/index.php?rest_route=\/wp\/v2\/pages\/253\/revisions\/3346"}],"wp:attachment":[{"href":"https:\/\/neurokultur.ch\/index.php?rest_route=%2Fwp%2Fv2%2Fmedia&parent=253"}],"curies":[{"name":"wp","href":"https:\/\/api.w.org\/{rel}","templated":true}]}}